{"id":232,"date":"2023-01-30T21:45:15","date_gmt":"2023-01-30T21:45:15","guid":{"rendered":"https:\/\/casacultural.no\/register\/"},"modified":"2023-10-29T13:48:43","modified_gmt":"2023-10-29T13:48:43","slug":"membresia","status":"publish","type":"page","link":"https:\/\/casacultural.no\/es\/membresia\/","title":{"rendered":"Membres\u00eda"},"content":{"rendered":"<div class=\"um um-register um-226\">\n\t<div class=\"um-form\" data-mode=\"register\">\n\t\t<form method=\"post\" action=\"\" data-trp-original-action=\"\">\n\t\t\t<div class=\"um-row _um_row_1\" style=\"margin: 0 0 30px 0;\"><div class=\"um-col-1\"><div  id=\"um_field_226_user_email\" class=\"um-field um-field-text  um-field-user_email um-field-text um-field-type_text\" data-key=\"user_email\"><div class=\"um-field-label\"><label for=\"user_email-226\">Direcci\u00f3n de correo electr\u00f3nico<\/label><div class=\"um-clear\"><\/div><\/div><div class=\"um-field-area\"><input  autocomplete=\"off\" class=\"um-form-field valid\" type=\"text\" name=\"user_email-226\" id=\"user_email-226\" value=\"\" placeholder=\"\" data-validate=\"unique_email\" data-key=\"user_email\"  aria-invalid=\"false\" \/>\n\n\t\t\t\t\t\t<\/div><\/div><div  id=\"um_field_226_first_name\" class=\"um-field um-field-text  um-field-first_name um-field-text um-field-type_text\" data-key=\"first_name\"><div class=\"um-field-label\"><label for=\"first_name-226\">Nombre<\/label><div class=\"um-clear\"><\/div><\/div><div class=\"um-field-area\"><input  autocomplete=\"off\" class=\"um-form-field valid not-required\" type=\"text\" name=\"first_name-226\" id=\"first_name-226\" value=\"\" placeholder=\"\" data-validate=\"\" data-key=\"first_name\"  aria-invalid=\"false\" \/>\n\n\t\t\t\t\t\t<\/div><\/div><div  id=\"um_field_226_last_name\" class=\"um-field um-field-text  um-field-last_name um-field-text um-field-type_text\" data-key=\"last_name\"><div class=\"um-field-label\"><label for=\"last_name-226\">Apellidos<\/label><div class=\"um-clear\"><\/div><\/div><div class=\"um-field-area\"><input  autocomplete=\"off\" class=\"um-form-field valid not-required\" type=\"text\" name=\"last_name-226\" id=\"last_name-226\" value=\"\" placeholder=\"\" data-validate=\"\" data-key=\"last_name\"  aria-invalid=\"false\" \/>\n\n\t\t\t\t\t\t<\/div><\/div><div  id=\"um_field_226_birth_date\" class=\"um-field um-field-date  um-field-birth_date um-field-date um-field-type_date\" data-key=\"birth_date\"><div class=\"um-field-label\"><div class=\"um-field-label-icon\"><i class=\"um-faicon-calendar\" aria-label=\"F\u00f8dselsdag\/ fecha de nacimiento\"><\/i><\/div><label for=\"birth_date-226\">F\u00f8dselsdag\/ fecha de nacimiento<\/label><div class=\"um-clear\"><\/div><\/div><div class=\"um-field-area\"><input   class=\"um-form-field valid not-required um-datepicker\" type=\"text\" name=\"birth_date-226\" id=\"birth_date-226\" value=\"\" placeholder=\"\" data-validate=\"\" data-key=\"birth_date\" data-range=\"years\" data-years=\"115\" data-years_x=\"past\" data-disabled_weekdays=\"\" data-date_min=\"1911,5,02\" data-date_max=\"2026,5,02\" data-format=\"d mmm yyyy\" data-value=\"\"  aria-invalid=\"false\" \/>\n\n\t\t\t\t\t\t<\/div><\/div><div  id=\"um_field_226_user_password\" class=\"um-field um-field-password  um-field-user_password um-field-password um-field-type_password\" data-key=\"user_password\"><div class=\"um-field-label\"><label for=\"user_password-226\">Contrase\u00f1a<span class=\"um-req\" title=\"Obligatorio\">*<\/span><\/label><div class=\"um-clear\"><\/div><\/div><div class=\"um-field-area\"><input class=\"um-form-field valid\" type=\"password\" name=\"user_password-226\" id=\"user_password-226\" value=\"\" placeholder=\"\" data-validate=\"\" data-key=\"user_password\"  aria-invalid=\"false\" \/>\n\n\t\t\t\t\t\t\t<\/div><\/div><div  id=\"um_field_226_confirm_user_password\" class=\"um-field um-field-password  um-field-user_password um-field-password um-field-type_password\" data-key=\"confirm_user_password\"><div class=\"um-field-label\"><label for=\"confirm_user_password-226\">Confirmar Contrase\u00f1a<span class=\"um-req\" title=\"Obligatorio\">*<\/span><\/label><div class=\"um-clear\"><\/div><\/div><div class=\"um-field-area\"><input class=\"um-form-field valid\" type=\"password\" name=\"confirm_user_password-226\" id=\"confirm_user_password-226\" value=\"\" placeholder=\"Confirmar Contrase\u00f1a\" data-validate=\"\" data-key=\"confirm_user_password\"  aria-invalid=\"false\" \/><\/div><\/div><div  id=\"um_field_226_hijos\" class=\"um-field um-field-number  um-field-hijos um-field-number um-field-type_number\" data-key=\"hijos\"><div class=\"um-field-label\"><label for=\"hijos-226\">Numero de hij@s<\/label><div class=\"um-clear\"><\/div><\/div><div class=\"um-field-area\"><input  class=\"um-form-field valid not-required\" type=\"number\" name=\"hijos-226\" id=\"hijos-226\" value=\"\" placeholder=\"\" data-validate=\"\" data-key=\"hijos\"   aria-invalid=\"false\" \/>\n\n\t\t\t\t\t\t<\/div><\/div><div  id=\"um_field_226_hijo1\" class=\"um-field um-field-text  um-is-conditional um-field-hijo1 um-field-text um-field-type_text\" data-key=\"hijo1\" data-cond-0-action=\"show\" data-cond-0-field=\"hijos\" data-cond-0-operator=\"greater than\" data-cond-0-value=\"0\"><div class=\"um-field-label\"><label for=\"hijo1-226\">Nombre\/Navn Hijo(a) 1<span class=\"um-req\" title=\"Obligatorio\">*<\/span><\/label><div class=\"um-clear\"><\/div><\/div><div class=\"um-field-area\"><input  autocomplete=\"off\" class=\"um-form-field valid\" type=\"text\" name=\"hijo1-226\" id=\"hijo1-226\" value=\"\" placeholder=\"\" data-validate=\"\" data-key=\"hijo1\"  aria-invalid=\"false\" \/>\n\n\t\t\t\t\t\t<\/div><\/div><div  id=\"um_field_226_hijo2\" class=\"um-field um-field-date  um-is-conditional um-field-hijo2 um-field-date um-field-type_date\" data-key=\"hijo2\" data-cond-0-action=\"show\" data-cond-0-field=\"hijos\" data-cond-0-operator=\"greater than\" data-cond-0-value=\"0\"><div class=\"um-field-label\"><label for=\"hijo2-226\">F\u00f8dselsdag\/ fecha de nacimiento 1<span class=\"um-req\" title=\"Obligatorio\">*<\/span><\/label><div class=\"um-clear\"><\/div><\/div><div class=\"um-field-area\"><input   class=\"um-form-field valid um-datepicker\" type=\"text\" name=\"hijo2-226\" id=\"hijo2-226\" value=\"\" placeholder=\"\" data-validate=\"\" data-key=\"hijo2\" data-range=\"years\" data-years=\"50\" data-years_x=\"equal\" data-disabled_weekdays=\"\" data-date_min=\"2001,5,02\" data-date_max=\"2051,5,02\" data-format=\"d mmm yyyy\" data-value=\"\"  aria-invalid=\"false\" \/>\n\n\t\t\t\t\t\t<\/div><\/div><div  id=\"um_field_226_hijos2\" class=\"um-field um-field-tel  um-is-conditional um-field-hijos2 um-field-tel um-field-type_tel\" data-key=\"hijos2\" data-cond-0-action=\"show\" data-cond-0-field=\"hijos\" data-cond-0-operator=\"greater than\" data-cond-0-value=\"1\"><div class=\"um-field-label\"><label for=\"hijos2-226\">Nombre\/Navn Hijo(a) 2<span class=\"um-req\" title=\"Obligatorio\">*<\/span><\/label><div class=\"um-clear\"><\/div><\/div><div class=\"um-field-area\"><input  autocomplete=\"off\" class=\"um-form-field valid\" type=\"tel\" name=\"hijos2-226\" id=\"hijos2-226\" value=\"\" placeholder=\"\" data-validate=\"\" data-key=\"hijos2\"  aria-invalid=\"false\" \/>\n\n\t\t\t\t\t\t<\/div><\/div><div  id=\"um_field_226_hijos1\" class=\"um-field um-field-date  um-is-conditional um-field-hijos1 um-field-date um-field-type_date\" data-key=\"hijos1\" data-cond-0-action=\"show\" data-cond-0-field=\"hijos\" data-cond-0-operator=\"greater than\" data-cond-0-value=\"1\"><div class=\"um-field-label\"><label for=\"hijos1-226\">F\u00f8dselsdag\/ fecha de nacimiento 2<span class=\"um-req\" title=\"Obligatorio\">*<\/span><\/label><div class=\"um-clear\"><\/div><\/div><div class=\"um-field-area\"><input   class=\"um-form-field valid um-datepicker\" type=\"text\" name=\"hijos1-226\" id=\"hijos1-226\" value=\"\" placeholder=\"\" data-validate=\"\" data-key=\"hijos1\" data-range=\"years\" data-years=\"50\" data-years_x=\"equal\" data-disabled_weekdays=\"\" data-date_min=\"2001,5,02\" data-date_max=\"2051,5,02\" data-format=\"d mmm yyyy\" data-value=\"\"  aria-invalid=\"false\" \/>\n\n\t\t\t\t\t\t<\/div><\/div><div  id=\"um_field_226_hijos2_15\" class=\"um-field um-field-tel  um-is-conditional um-field-hijos2_15 um-field-tel um-field-type_tel\" data-key=\"hijos2_15\" data-cond-0-action=\"show\" data-cond-0-field=\"hijos\" data-cond-0-operator=\"greater than\" data-cond-0-value=\"2\"><div class=\"um-field-label\"><label for=\"hijos2_15-226\">Nombre\/Navn Hijo(a) 3<span class=\"um-req\" title=\"Obligatorio\">*<\/span><\/label><div class=\"um-clear\"><\/div><\/div><div class=\"um-field-area\"><input  autocomplete=\"off\" class=\"um-form-field valid\" type=\"tel\" name=\"hijos2_15-226\" id=\"hijos2_15-226\" value=\"\" placeholder=\"\" data-validate=\"\" data-key=\"hijos2_15\"  aria-invalid=\"false\" \/>\n\n\t\t\t\t\t\t<\/div><\/div><div  id=\"um_field_226_hijo2_14\" class=\"um-field um-field-date  um-is-conditional um-field-hijo2_14 um-field-date um-field-type_date\" data-key=\"hijo2_14\" data-cond-0-action=\"show\" data-cond-0-field=\"hijos\" data-cond-0-operator=\"greater than\" data-cond-0-value=\"2\"><div class=\"um-field-label\"><label for=\"hijo2_14-226\">F\u00f8dselsdag\/ fecha de nacimiento 3<span class=\"um-req\" title=\"Obligatorio\">*<\/span><\/label><div class=\"um-clear\"><\/div><\/div><div class=\"um-field-area\"><input   class=\"um-form-field valid um-datepicker\" type=\"text\" name=\"hijo2_14-226\" id=\"hijo2_14-226\" value=\"\" placeholder=\"\" data-validate=\"\" data-key=\"hijo2_14\" data-range=\"years\" data-years=\"50\" data-years_x=\"equal\" data-disabled_weekdays=\"\" data-date_min=\"2001,5,02\" data-date_max=\"2051,5,02\" data-format=\"d mmm yyyy\" data-value=\"\"  aria-invalid=\"false\" \/>\n\n\t\t\t\t\t\t<\/div><\/div><div  id=\"um_field_226_hijos2_16\" class=\"um-field um-field-tel  um-is-conditional um-field-hijos2_16 um-field-tel um-field-type_tel\" data-key=\"hijos2_16\" data-cond-0-action=\"show\" data-cond-0-field=\"hijos\" data-cond-0-operator=\"greater than\" data-cond-0-value=\"3\"><div class=\"um-field-label\"><label for=\"hijos2_16-226\">Nombre\/Navn Hijo(a) 4<span class=\"um-req\" title=\"Obligatorio\">*<\/span><\/label><div class=\"um-clear\"><\/div><\/div><div class=\"um-field-area\"><input  autocomplete=\"off\" class=\"um-form-field valid\" type=\"tel\" name=\"hijos2_16-226\" id=\"hijos2_16-226\" value=\"\" placeholder=\"\" data-validate=\"\" data-key=\"hijos2_16\"  aria-invalid=\"false\" \/>\n\n\t\t\t\t\t\t<\/div><\/div><div  id=\"um_field_226_hijo2_17\" class=\"um-field um-field-date  um-is-conditional um-field-hijo2_17 um-field-date um-field-type_date\" data-key=\"hijo2_17\" data-cond-0-action=\"show\" data-cond-0-field=\"hijos\" data-cond-0-operator=\"greater than\" data-cond-0-value=\"3\"><div class=\"um-field-label\"><label for=\"hijo2_17-226\">F\u00f8dselsdag\/ fecha de nacimiento 4<span class=\"um-req\" title=\"Obligatorio\">*<\/span><\/label><div class=\"um-clear\"><\/div><\/div><div class=\"um-field-area\"><input   class=\"um-form-field valid um-datepicker\" type=\"text\" name=\"hijo2_17-226\" id=\"hijo2_17-226\" value=\"\" placeholder=\"\" data-validate=\"\" data-key=\"hijo2_17\" data-range=\"years\" data-years=\"50\" data-years_x=\"equal\" data-disabled_weekdays=\"\" data-date_min=\"2001,5,02\" data-date_max=\"2051,5,02\" data-format=\"d mmm yyyy\" data-value=\"\"  aria-invalid=\"false\" \/>\n\n\t\t\t\t\t\t<\/div><\/div><div  id=\"um_field_226_whatsapp\" class=\"um-field um-field-text  um-field-whatsapp um-field-text um-field-type_text\" data-key=\"whatsapp\"><div class=\"um-field-label\"><div class=\"um-field-label-icon\"><i class=\"um-icon-android-call\" aria-label=\"Telefon\"><\/i><\/div><label for=\"whatsapp-226\">Telefon<\/label><div class=\"um-clear\"><\/div><\/div><div class=\"um-field-area\"><input  autocomplete=\"off\" class=\"um-form-field valid not-required\" type=\"text\" name=\"whatsapp-226\" id=\"whatsapp-226\" value=\"\" placeholder=\"\" data-validate=\"phone_number\" data-key=\"whatsapp\"  aria-invalid=\"false\" \/>\n\n\t\t\t\t\t\t<\/div><\/div><div  id=\"um_field_226_TerminosCondiciones\" class=\"um-field um-field-checkbox  um-field-TerminosCondiciones um-field-checkbox um-field-type_checkbox\" data-key=\"TerminosCondiciones\"  aria-invalid=\"false\" ><div class=\"um-field-label\"><label for=\"TerminosCondiciones-226\">Vilk\u00e5r og betingelser \/ Terminos y Condiciones<span class=\"um-req\" title=\"Obligatorio\">*<\/span><\/label><div class=\"um-clear\"><\/div><\/div><div class=\"um-field-area\"><label class=\"um-field-checkbox  um-field-half  um-field-radio-state-disabled\"><input   type=\"checkbox\" name=\"TerminosCondiciones[]\" value=\"Jeg er enig og godtar \u00e5 v\u00e6re medlem av &quot;Casa Cultural&quot;, med respekt for verdiene og reglene.\/ Estoy de acuerdo y acepto se miembro de la &quot;Casa Cultural&quot;, respetando los valores y reglas.\"  \/><span class=\"um-field-checkbox-state\"><i class=\"um-icon-android-checkbox-outline-blank\"><\/i><\/span><span class=\"um-field-checkbox-option\">Jeg er enig og godtar \u00e5 v\u00e6re medlem av &quot;Casa Cultural&quot;, med respekt for verdiene og reglene.\/ Estoy de acuerdo y acepto se miembro de la &quot;Casa Cultural&quot;, respetando los valores y reglas.<\/span><\/label><label class=\"um-field-checkbox  um-field-half  right  um-field-radio-state-disabled\"><input   type=\"checkbox\" name=\"TerminosCondiciones[]\" value=\"Jeg gir mitt samtykke og forst\u00e5r at det vil bli tatt bilder av mitt barn\/barna mine og at disse bildene vil bli brukt utelukkende til utdannelses- og kulturelle form\u00e5l, og at Casa Cultural Oslo forplikter seg til \u00e5 beskytte personvernet og personopplysningene til mitt barn\/barna mine. Hvis jeg \u00f8nsker \u00e5 fjerne et bestemt bilde fra deres nettside eller sosiale medier, forplikter jeg meg til \u00e5 informere dem via e-post. Doy mi consentimiento y entiendo que se tomaran fotos de mi(s) hij(@s) y que estas fotos se utilizar\u00e1n con fines educativos y culturales \u00fanicamente y que Casa Cultural las publique en las redes sociales y se compromete a proteger la privacidad y los datos personales de mi hijo\/a. Si en alg\u00fan momento deseo que se retire una foto espec\u00edfica de su sitio web o redes sociales, me comprometo a informar por correo electr\u00f3nico.\"  \/><span class=\"um-field-checkbox-state\"><i class=\"um-icon-android-checkbox-outline-blank\"><\/i><\/span><span class=\"um-field-checkbox-option\">Jeg gir mitt samtykke og forst\u00e5r at det vil bli tatt bilder av mitt barn\/barna mine og at disse bildene vil bli brukt utelukkende til utdannelses- og kulturelle form\u00e5l, og at Casa Cultural Oslo forplikter seg til \u00e5 beskytte personvernet og personopplysningene til mitt barn\/barna mine. Hvis jeg \u00f8nsker \u00e5 fjerne et bestemt bilde fra deres nettside eller sosiale medier, forplikter jeg meg til \u00e5 informere dem via e-post. Doy mi consentimiento y entiendo que se tomaran fotos de mi(s) hij(@s) y que estas fotos se utilizar\u00e1n con fines educativos y culturales \u00fanicamente y que Casa Cultural las publique en las redes sociales y se compromete a proteger la privacidad y los datos personales de mi hijo\/a. Si en alg\u00fan momento deseo que se retire una foto espec\u00edfica de su sitio web o redes sociales, me comprometo a informar por correo electr\u00f3nico.<\/span><\/label><div class=\"um-clear\"><\/div><label class=\"um-field-checkbox  um-field-half  um-field-radio-state-disabled\"><input   type=\"checkbox\" name=\"TerminosCondiciones[]\" value=\"Jeg bekrefter at jeg har betalt medlemskapet p\u00e5 50 NOK til Vippsnummer #741557\"  \/><span class=\"um-field-checkbox-state\"><i class=\"um-icon-android-checkbox-outline-blank\"><\/i><\/span><span class=\"um-field-checkbox-option\">Jeg bekrefter at jeg har betalt medlemskapet p\u00e5 50 NOK til Vippsnummer #741557<\/span><\/label><div class=\"um-clear\"><\/div><\/div><\/div><\/div><\/div>\t<input type=\"hidden\" name=\"form_id\" id=\"form_id_226\" value=\"226\" \/>\n\t\t<p class=\"um_request_name\">\n\t\t<label for=\"um_request_226\">Only fill in if you are not human<\/label>\n\t\t<input type=\"hidden\" name=\"um_request\" id=\"um_request_226\" class=\"input\" value=\"\" size=\"25\" autocomplete=\"off\" \/>\n\t<\/p>\n\t<input type=\"hidden\" id=\"_wpnonce\" name=\"_wpnonce\" value=\"5b4f1f32de\" \/><input type=\"hidden\" name=\"_wp_http_referer\" value=\"\/es\/wp-json\/wp\/v2\/pages\/232\" \/>\n\t<div class=\"um-col-alt\">\n\n\t\t\n\t\t\t<div class=\"um-left um-half\">\n\t\t\t\t<input type=\"submit\" value=\"Registro\" class=\"um-button\" id=\"um-submit-btn\" \/>\n\t\t\t<\/div>\n\t\t\t<div class=\"um-right um-half\">\n\t\t\t\t<a href=\"https:\/\/casacultural.no\/es\/login\/\" class=\"um-button um-alt\">\n\t\t\t\t\tAcceder\t\t\t\t<\/a>\n\t\t\t<\/div>\n\n\t\t\n\t\t<div class=\"um-clear\"><\/div>\n\n\t<\/div>\n\n\t\t\t<input type=\"hidden\" name=\"trp-form-language\" value=\"es\"\/><\/form>\n\t<\/div>\n<\/div>\n<style>\n\t\t\t.um-226.um {\n\t\t\tmax-width: 450px;\n\t\t}\n\t\t<\/style>","protected":false},"excerpt":{"rendered":"","protected":false},"author":1,"featured_media":0,"parent":0,"menu_order":0,"comment_status":"closed","ping_status":"closed","template":"","meta":{"_coblocks_attr":"","_coblocks_dimensions":"","_coblocks_responsive_height":"","_coblocks_accordion_ie_support":"","_price":"","_stock":"","_tribe_ticket_header":"","_tribe_default_ticket_provider":"","_tribe_ticket_capacity":"0","_ticket_start_date":"","_ticket_end_date":"","_tribe_ticket_show_description":"","_tribe_ticket_show_not_going":false,"_tribe_ticket_use_global_stock":"","_tribe_ticket_global_stock_level":"","_global_stock_mode":"","_global_stock_cap":"","_tribe_rsvp_for_event":"","_tribe_ticket_going_count":"","_tribe_ticket_not_going_count":"","_tribe_tickets_list":"[]","_tribe_ticket_has_attendee_info_fields":false,"_EventAllDay":false,"_EventTimezone":"","_EventStartDate":"","_EventEndDate":"","_EventStartDateUTC":"","_EventEndDateUTC":"","_EventShowMap":false,"_EventShowMapLink":false,"_EventURL":"","_EventCost":"","_EventCostDescription":"","_EventCurrencySymbol":"","_EventCurrencyCode":"","_EventCurrencyPosition":"","_EventDateTimeSeparator":"","_EventTimeRangeSeparator":"","_EventOrganizerID":[],"_EventVenueID":[],"_OrganizerEmail":"","_OrganizerPhone":"","_OrganizerWebsite":"","_VenueAddress":"","_VenueCity":"","_VenueCountry":"","_VenueProvince":"","_VenueState":"","_VenueZip":"","_VenuePhone":"","_VenueURL":"","_VenueStateProvince":"","_VenueLat":"","_VenueLng":"","_VenueShowMap":false,"_VenueShowMapLink":false,"inspiro_hide_title":false,"footnotes":"","_tec_slr_enabled":"","_tec_slr_layout":""},"class_list":["post-232","page","type-page","status-publish","hentry"],"ticketed":false,"_links":{"self":[{"href":"https:\/\/casacultural.no\/es\/wp-json\/wp\/v2\/pages\/232","targetHints":{"allow":["GET"]}}],"collection":[{"href":"https:\/\/casacultural.no\/es\/wp-json\/wp\/v2\/pages"}],"about":[{"href":"https:\/\/casacultural.no\/es\/wp-json\/wp\/v2\/types\/page"}],"author":[{"embeddable":true,"href":"https:\/\/casacultural.no\/es\/wp-json\/wp\/v2\/users\/1"}],"replies":[{"embeddable":true,"href":"https:\/\/casacultural.no\/es\/wp-json\/wp\/v2\/comments?post=232"}],"version-history":[{"count":0,"href":"https:\/\/casacultural.no\/es\/wp-json\/wp\/v2\/pages\/232\/revisions"}],"wp:attachment":[{"href":"https:\/\/casacultural.no\/es\/wp-json\/wp\/v2\/media?parent=232"}],"curies":[{"name":"wp","href":"https:\/\/api.w.org\/{rel}","templated":true}]}}