{"id":578,"date":"2023-10-08T14:58:39","date_gmt":"2023-10-08T14:58:39","guid":{"rendered":"https:\/\/casacultural.no\/?page_id=578"},"modified":"2025-11-05T23:12:08","modified_gmt":"2025-11-05T23:12:08","slug":"dans","status":"publish","type":"page","link":"https:\/\/casacultural.no\/es\/dans\/","title":{"rendered":"Dansekurs i Oslo | Salsa &#8211; Bachata"},"content":{"rendered":"<div class=\"wp-block-cover alignfull is-light\"><span aria-hidden=\"true\" class=\"wp-block-cover__background has-background-dim\"><\/span><video class=\"wp-block-cover__video-background intrinsic-ignore\" autoplay muted loop playsinline src=\"https:\/\/casacultural.no\/wp-content\/uploads\/2023\/10\/webs.mp4\" data-object-fit=\"cover\"><\/video><div class=\"wp-block-cover__inner-container is-layout-flow wp-block-cover-is-layout-flow\">\n<p class=\"has-text-align-center has-large-font-size\">Dansekurs i Oslo <\/p>\n\n\n\n<p><\/p>\n<\/div><\/div>\n\n\n\n<p class=\"has-text-align-center has-roboto-font-family has-custom-font has-custom-lineheight has-custom-letterspacing\" style=\"font-family:Roboto;line-height:1.41;letter-spacing:0.3px;font-size:20px\">Visste du at Casa Cultural har gratis dansekurs i Oslo? P\u00e5 Torshovdalen aktivitetshus organiserer vi dansekurs for barn og unge p\u00e5 s\u00f8ndager. L\u00e6r deg \u00e5 danse til latin amerikanske rytmer. Tilbudet er gratis og vi stiller med profesjonelle danseinstrukt\u00f8rer fra Cattleya Dans p\u00e5 s\u00f8ndager. V\u00e5re kurs for barn er familievennlige og foreldre kan v\u00e6re med.<\/p>\n\n\n\n<p><\/p>\n\n\n\n<div class=\"wp-block-buttons is-content-justification-center is-layout-flex wp-container-core-buttons-is-layout-5b5683f2 wp-block-buttons-is-layout-flex\">\n<div class=\"wp-block-button\"><a class=\"wp-block-button__link has-text-align-center wp-element-button\" href=\"https:\/\/forms.gle\/4QtZHRt75QiMAQ1KA\" target=\"_blank\" rel=\"noopener\">Inscripci\u00f3n para participaci\u00f3n.<\/a><\/div>\n<\/div>","protected":false},"excerpt":{"rendered":"<p>Visste du at Casa Cultural har gratis dansekurs i Oslo? P\u00e5 Torshovdalen aktivitetshus organiserer vi dansekurs for barn og unge p\u00e5 s\u00f8ndager. L\u00e6r deg \u00e5 danse til latin amerikanske rytmer. &hellip; <\/p>\n<p class=\"link-more\"><a href=\"https:\/\/casacultural.no\/es\/dans\/\" class=\"more-link\">Leer m\u00e1s<span class=\"screen-reader-text\"> \u00abDansekurs i Oslo | Salsa &#8211; Bachata\u00bb<\/span><\/a><\/p>","protected":false},"author":1,"featured_media":0,"parent":0,"menu_order":0,"comment_status":"closed","ping_status":"closed","template":"","meta":{"_coblocks_attr":"Arvo,Roboto","_coblocks_dimensions":"","_coblocks_responsive_height":"","_coblocks_accordion_ie_support":"","_price":"","_stock":"","_tribe_ticket_header":"","_tribe_default_ticket_provider":"","_tribe_ticket_capacity":"0","_ticket_start_date":"","_ticket_end_date":"","_tribe_ticket_show_description":"","_tribe_ticket_show_not_going":false,"_tribe_ticket_use_global_stock":"","_tribe_ticket_global_stock_level":"","_global_stock_mode":"","_global_stock_cap":"","_tribe_rsvp_for_event":"","_tribe_ticket_going_count":"","_tribe_ticket_not_going_count":"","_tribe_tickets_list":"[]","_tribe_ticket_has_attendee_info_fields":false,"_EventAllDay":false,"_EventTimezone":"","_EventStartDate":"","_EventEndDate":"","_EventStartDateUTC":"","_EventEndDateUTC":"","_EventShowMap":false,"_EventShowMapLink":false,"_EventURL":"","_EventCost":"","_EventCostDescription":"","_EventCurrencySymbol":"","_EventCurrencyCode":"","_EventCurrencyPosition":"","_EventDateTimeSeparator":"","_EventTimeRangeSeparator":"","_EventOrganizerID":[],"_EventVenueID":[],"_OrganizerEmail":"","_OrganizerPhone":"","_OrganizerWebsite":"","_VenueAddress":"","_VenueCity":"","_VenueCountry":"","_VenueProvince":"","_VenueState":"","_VenueZip":"","_VenuePhone":"","_VenueURL":"","_VenueStateProvince":"","_VenueLat":"","_VenueLng":"","_VenueShowMap":false,"_VenueShowMapLink":false,"inspiro_hide_title":false,"footnotes":"","_tec_slr_enabled":"","_tec_slr_layout":""},"class_list":["post-578","page","type-page","status-publish","hentry"],"ticketed":false,"_links":{"self":[{"href":"https:\/\/casacultural.no\/es\/wp-json\/wp\/v2\/pages\/578","targetHints":{"allow":["GET"]}}],"collection":[{"href":"https:\/\/casacultural.no\/es\/wp-json\/wp\/v2\/pages"}],"about":[{"href":"https:\/\/casacultural.no\/es\/wp-json\/wp\/v2\/types\/page"}],"author":[{"embeddable":true,"href":"https:\/\/casacultural.no\/es\/wp-json\/wp\/v2\/users\/1"}],"replies":[{"embeddable":true,"href":"https:\/\/casacultural.no\/es\/wp-json\/wp\/v2\/comments?post=578"}],"version-history":[{"count":0,"href":"https:\/\/casacultural.no\/es\/wp-json\/wp\/v2\/pages\/578\/revisions"}],"wp:attachment":[{"href":"https:\/\/casacultural.no\/es\/wp-json\/wp\/v2\/media?parent=578"}],"curies":[{"name":"wp","href":"https:\/\/api.w.org\/{rel}","templated":true}]}}